{"id":7,"date":"2025-11-04T13:55:23","date_gmt":"2025-11-04T16:55:23","guid":{"rendered":"https:\/\/12de15.com.ar\/?page_id=7"},"modified":"2026-02-27T18:58:08","modified_gmt":"2026-02-27T21:58:08","slug":"acerca-de","status":"publish","type":"page","link":"https:\/\/12de15.com.ar\/?page_id=7","title":{"rendered":"Quienes somos"},"content":{"rendered":"\n<p>Somos la Asociaci\u00f3n Cooperadora Miguel de Cervantes Saavedra, de la Escuela 12 D.E. 15 \u00abEspa\u00f1a\u00bb y el JINC D.E. 15. <\/p>\n\n\n\n<p>En esta p\u00e1gina pod\u00e9s encontrar las novedades de las actividades que realiza la coope, adem\u00e1s de los links a los blogs de la escuela y el jard\u00edn. <\/p>\n\n\n\n<p>En el portal de pagos pod\u00e9s gestionar las cuotas de los alumnxs a tu cargo y ver el historial de pagos y donaciones.<\/p>\n\n\n\n<p>Esperamos que este medio sea \u00fatil y nos permita seguir creciendo como comunidad, para poder acompa\u00f1ar a nuestros hijos durante toda su trayectoria escolar.<\/p>\n\n\n\n<p>\u00bfDudas? \u00bfconsultas? <a href=\"https:\/\/12de15.com.ar\/?page_id=8\">Ac\u00e1<\/a> pod\u00e9s encontrar todos los medios de contacto<\/p>\n\n\n\n<p><\/p>\n","protected":false},"excerpt":{"rendered":"<p>Somos la Asociaci\u00f3n Cooperadora Miguel de Cervantes Saavedra, de la Escuela 12 D.E. 15 \u00abEspa\u00f1a\u00bb y el JINC D.E. 15. En esta p\u00e1gina pod\u00e9s encontrar las novedades de las actividades que realiza la coope, adem\u00e1s de los links a los blogs de la escuela y el jard\u00edn. En el portal de pagos pod\u00e9s gestionar las&hellip; <a class=\"more-link\" href=\"https:\/\/12de15.com.ar\/?page_id=7\">Seguir leyendo <span class=\"screen-reader-text\">Quienes somos<\/span><\/a><\/p>\n","protected":false},"author":1,"featured_media":0,"parent":0,"menu_order":0,"comment_status":"closed","ping_status":"closed","template":"","meta":{"footnotes":""},"class_list":["post-7","page","type-page","status-publish","hentry","entry"],"_links":{"self":[{"href":"https:\/\/12de15.com.ar\/index.php?rest_route=\/wp\/v2\/pages\/7","targetHints":{"allow":["GET"]}}],"collection":[{"href":"https:\/\/12de15.com.ar\/index.php?rest_route=\/wp\/v2\/pages"}],"about":[{"href":"https:\/\/12de15.com.ar\/index.php?rest_route=\/wp\/v2\/types\/page"}],"author":[{"embeddable":true,"href":"https:\/\/12de15.com.ar\/index.php?rest_route=\/wp\/v2\/users\/1"}],"replies":[{"embeddable":true,"href":"https:\/\/12de15.com.ar\/index.php?rest_route=%2Fwp%2Fv2%2Fcomments&post=7"}],"version-history":[{"count":4,"href":"https:\/\/12de15.com.ar\/index.php?rest_route=\/wp\/v2\/pages\/7\/revisions"}],"predecessor-version":[{"id":305,"href":"https:\/\/12de15.com.ar\/index.php?rest_route=\/wp\/v2\/pages\/7\/revisions\/305"}],"wp:attachment":[{"href":"https:\/\/12de15.com.ar\/index.php?rest_route=%2Fwp%2Fv2%2Fmedia&parent=7"}],"curies":[{"name":"wp","href":"https:\/\/api.w.org\/{rel}","templated":true}]}}