{"id":122,"date":"2025-11-05T10:05:40","date_gmt":"2025-11-05T13:05:40","guid":{"rendered":"https:\/\/12de15.com.ar\/?post_type=product&#038;p=122"},"modified":"2026-03-04T17:29:18","modified_gmt":"2026-03-04T20:29:18","slug":"cuota-coope","status":"publish","type":"product","link":"https:\/\/12de15.com.ar\/?product=cuota-coope","title":{"rendered":"Cuota Coope"},"content":{"rendered":"<details open=\"\">\n<summary><strong>\u00bfPara qu\u00e9 sirve esta cuota?<\/strong><\/summary>\n<p style=\"text-align: justify;\">La cooperadora cubre gastos fijos como abonos de dispensers de agua y fotocopiadoras, insumos de limpieza, materiales de librer\u00eda para ambos niveles, tizas y pintura para pizarrones.<\/p>\n<p>&nbsp;<\/p>\n<p style=\"text-align: justify;\">Realiza tambi\u00e9n compras anuales para mejorar espacios y equipamiento: el tel\u00f3n del sal\u00f3n de actos, banderas, cortinas, mobiliario, instrumentos musicales, materiales de educaci\u00f3n f\u00edsica, juguetes y juegos did\u00e1cticos, y equipamiento audiovisual.<\/p>\n<p>&nbsp;<\/p>\n<p style=\"text-align: justify;\">Adem\u00e1s, aporta materiales para proyectos pedag\u00f3gicos especiales, como la huerta y el mariposario, el sistema de riego automatizado, y la renovaci\u00f3n de bibliotecas.<\/p>\n<p>&nbsp;<\/p>\n<p style=\"text-align: justify;\">Finalmente, aporta los materiales necesarios para actos, eventos escolares, ferias y actividades especiales: medallas, diplomas, souvenirs, espect\u00e1culos infantiles y regalos institucionales.<\/p>\n<p>&nbsp;<\/p>\n<p style=\"text-align: justify;\">Si quer\u00e9s saber m\u00e1s, durante este a\u00f1o iremos actualizando el listado en <a href=\"https:\/\/12de15.com.ar\/?page_id=180\">esta p\u00e1gina<\/a>. Y <a href=\"https:\/\/12de15.com.ar\/?page_id=180\">ac\u00e1<\/a> pod\u00e9s encontrar un listado de compras que se gestionaron a trav\u00e9s de la coope durante el 2024 y 2025.<\/p>\n<\/details>\n<details>\n<summary><strong>Comprobante de pago \u00bfa d\u00f3nde lo mando?<\/strong><\/summary>\n<p style=\"text-align: justify;\">Te va a llegar un mail con los datos del pedido, respond\u00e9 a ese mismo mail adjuntando el comprobante. Si ya cargaste a tus hijos o alumnos a cargo en <a href=\"https:\/\/12de15.com.ar\/?page_id=71\">Mi cuenta<\/a> no hace falta que agregues nada m\u00e1s, si todav\u00eda no lo hiciste, te pedimos que pongas sus datos en el correo.<\/p>\n<\/details>\n<details>\n<summary><strong>Hice un pago pero me olvide de hacer el pedido<\/strong><\/summary>\n<p style=\"text-align: justify;\">Primero \u00a1gracias por tu aporte! Pod\u00e9s hacer el pedido como donaci\u00f3n, ingresando el monto manualmente, y cuando te llegue el correo con los detalles lo respond\u00e9s adjuntanto el comprobante.<\/p>\n<\/details>\n<details>\n<summary><strong>Yo quiero pagar en efectivo en el buz\u00f3n de la coope<\/strong><\/summary>\n<p style=\"text-align: justify;\">\u00a1Perfecto! Si no lo hiciste todav\u00eda, te pedimos que cargues a tus hijos o alumnos a cargo en <a href=\"https:\/\/12de15.com.ar\/?page_id=71\">Mi cuenta<\/a> y hagas el pedido en esta misma p\u00e1gina. Cuando vayas a poner el sobre en el buz\u00f3n, escribile el n\u00famero de pedido generado.<\/p>\n<p> Si precis\u00e1s ayuda con el pago, buscanos en la Coope o contactate al mail <a href=\"mailto:pagos@12de15.com.ar?subject=Consulta+sobre+pagos\">pagos@12de15.com.ar<\/a><\/p>\n<\/details>\n<details>\n<summary><strong>No puedo pagar el valor de la cuota, \u00bfc\u00f3mo hago?<\/strong><\/summary>\n<p style=\"text-align: justify;\">Pod\u00e9s aportar el importe que quieras en forma de <a href=\"https:\/\/12de15.com.ar\/?product=donacion\">Donaci\u00f3n<\/a>. Lo que puedas suma para realizar las tareas que la Coope lleva adelante.<\/p>\n<p>&nbsp;<\/p>\n<p style=\"text-align: justify;\">\u00a1El dinero no es la \u00fanica forma de ayudar! En la coope siempre necesitamos gente que pueda:<br \/>\n\u25aa\ufe0f buscar presupuestos<br \/>\n\u25aa\ufe0f retirar compras y donaciones<br \/>\n\u25aa\ufe0f hacer dise\u00f1o gr\u00e1fico (flyers, comunicaci\u00f3n en redes)<br \/>\n\u25aa\ufe0f ayudar a organizar eventos y\/o atender en los mismos<br \/>\n\u25aa\ufe0f ayudar en tareas espec\u00edficas, por ej.: una mam\u00e1 que se anime a arreglar un parlante, un pap\u00e1 que tenga una camioneta para buscar un mont\u00f3n de sillas, una t\u00eda con taladro que pueda poner un estante, y otras cosas as\u00ed que surgen a lo largo del a\u00f1o.<\/p>\n<p>&nbsp;<\/p>\n<p style=\"text-align: justify;\">En el <a href=\"https:\/\/whatsapp.com\/channel\/0029Vb4uH3f17Emq8vQFLm3B\" target=\"_blank\" rel=\"noopener\">grupo de Whatsapp<\/a> pod\u00e9s enterarte de todas las actividades por venir. Por ah\u00ed tambi\u00e9n estaremos comunicando cuando haga falta ayuda para cosas puntuales.<\/p>\n<\/details>\n<details>\n<summary><strong>\u00bfC\u00f3mo se financia la cooperadora?<\/strong><\/summary>\n<p style=\"text-align: justify;\">La Coope se sostiene en gran medida gracias a aportes de las familias. Esto incluye la cuota social, y eventos realizados durante el a\u00f1o como Ferias del plato, Kerm\u00e9s y Fotos.<\/p>\n<p>&nbsp;<\/p>\n<p style=\"text-align: justify;\">El GCBA aporta a la cooperadora un monto de acuerdo a la matr\u00edcula de cada a\u00f1o. Una parte corresponde a primaria y otra a nivel inicial.<\/p>\n<\/details>\n<details>\n<summary><strong>\u00bfC\u00f3mo se decide en qu\u00e9 se utilizan los fondos?<\/strong><\/summary>\n<p style=\"text-align: justify;\">Apenas iniciado el ciclo lectivo la comunidad en conjunto con el equipo directivo y docentes planifican en la asamblea del PAI (Plan Anual Institucional) las acciones que se llevar\u00e1n a cabo durante todo el a\u00f1o, y estiman los fondos que ser\u00e1n necesarios.<\/p>\n<p>&nbsp;<\/p>\n<p style=\"text-align: justify;\">Luego se realiza la Asamblea Anual Ordinaria, abierta a todas las familias, d\u00f3nde se decide por votaci\u00f3n los valores de la cuotas para el nuevo a\u00f1o, teniendo en cuenta la necesidad de fondos contemplada en el PAI, la inflaci\u00f3n, y las posibilidades de nuestra comunidad en su conjunto.<\/p>\n<p>&nbsp;<\/p>\n<p style=\"text-align: justify;\">En el <a href=\"https:\/\/whatsapp.com\/channel\/0029Vb4uH3f17Emq8vQFLm3B\" target=\"_blank\" rel=\"noopener\">grupo de Whatsapp<\/a> se comunican las fechas de todos estos encuentros para que cualquier interesado pueda participar.<\/p>\n<\/details>\n<details>\n<summary><strong>Ya pagu\u00e9 por el a\u00f1o entero<\/strong><\/summary>\n<p style=\"text-align: justify;\">No es necesario que pagues m\u00e1s cuotas, pero te invitamos a aportar el importe que quieras en forma de <a href=\"https:\/\/12de15.com.ar\/?product=donacion\">Donaci\u00f3n<\/a>. Lo que puedas suma para realizar las tareas que la Coope lleva adelante.<\/p>\n<p>&nbsp;<\/p>\n<p style=\"text-align: justify;\">\u00a1El dinero no es la \u00fanica forma de ayudar! En la coope siempre necesitamos gente que pueda:<br \/>\n\u25aa\ufe0f buscar presupuestos<br \/>\n\u25aa\ufe0f retirar compras y donaciones<br \/>\n\u25aa\ufe0f hacer dise\u00f1o gr\u00e1fico (flyers, comunicaci\u00f3n en redes)<br \/>\n\u25aa\ufe0f ayudar a organizar eventos y\/o atender en los mismos<br \/>\n\u25aa\ufe0f ayudar en tareas espec\u00edficas, por ej.: una mam\u00e1 que se anime a arreglar un parlante, un pap\u00e1 que tenga una camioneta para buscar un mont\u00f3n de sillas, una t\u00eda con taladro que pueda poner un estante, y otras cosas as\u00ed que surgen a lo largo del a\u00f1o.<\/p>\n<p>&nbsp;<\/p>\n<p style=\"text-align: justify;\">En el <a href=\"https:\/\/whatsapp.com\/channel\/0029Vb4uH3f17Emq8vQFLm3B\" target=\"_blank\" rel=\"noopener\">grupo de Whatsapp<\/a> pod\u00e9s enterarte de todas las actividades por venir. Por ah\u00ed tambi\u00e9n estaremos comunicando cuando haga falta ayuda para cosas puntuales.<\/p>\n<\/details>\n<details>\n<summary><strong>Pagu\u00e9 cuotas y no figuran<\/strong><\/summary>\n<p style=\"text-align: justify;\">Todos los pagos que hiciste a la Coope figuran en tu cuenta, ah\u00ed pod\u00e9s consultar si est\u00e1n acreditados. Si pagaste por transferencia bancaria y figura como \u2018pendiente\u2019 o \u2018en espera\u2019, puede que no hayamos recibido el comprobante, envialo a <a href=\"mailto:pagos@12de15.com.ar?subject=Adjunto+comprobante\">pagos@12de15.com.ar<\/a><\/p>\n<p>&nbsp;<\/p>\n<p style=\"text-align: justify;\">O tal vez el pago figura a nombre de otro: padre, madre, u otra persona. En ese caso, <a href=\"mailto:pagos@12de15.com.ar?subject=Pedido+de+unificaci\u00f3n+de+datos\">avisanos ac\u00e1<\/a> as\u00ed unificamos los datos.<\/p>\n<\/details>\n","protected":false},"excerpt":{"rendered":"<p>A partir de la \u00faltima Asamblea el valor de la cuota social es de <mark>$6.000<\/mark>. Son 10 cuotas en el a\u00f1o por alumno, pero pod\u00e9s pagar la cantidad que vos quieras.<\/p>\n","protected":false},"featured_media":246,"template":"","meta":[],"product_brand":[],"product_cat":[31],"product_tag":[],"class_list":{"0":"post-122","1":"product","2":"type-product","3":"status-publish","4":"has-post-thumbnail","6":"product_cat-cuotas","7":"entry","9":"first","10":"instock","11":"virtual","12":"purchasable","13":"product-type-simple"},"_links":{"self":[{"href":"https:\/\/12de15.com.ar\/index.php?rest_route=\/wp\/v2\/product\/122","targetHints":{"allow":["GET"]}}],"collection":[{"href":"https:\/\/12de15.com.ar\/index.php?rest_route=\/wp\/v2\/product"}],"about":[{"href":"https:\/\/12de15.com.ar\/index.php?rest_route=\/wp\/v2\/types\/product"}],"wp:featuredmedia":[{"embeddable":true,"href":"https:\/\/12de15.com.ar\/index.php?rest_route=\/wp\/v2\/media\/246"}],"wp:attachment":[{"href":"https:\/\/12de15.com.ar\/index.php?rest_route=%2Fwp%2Fv2%2Fmedia&parent=122"}],"wp:term":[{"taxonomy":"product_brand","embeddable":true,"href":"https:\/\/12de15.com.ar\/index.php?rest_route=%2Fwp%2Fv2%2Fproduct_brand&post=122"},{"taxonomy":"product_cat","embeddable":true,"href":"https:\/\/12de15.com.ar\/index.php?rest_route=%2Fwp%2Fv2%2Fproduct_cat&post=122"},{"taxonomy":"product_tag","embeddable":true,"href":"https:\/\/12de15.com.ar\/index.php?rest_route=%2Fwp%2Fv2%2Fproduct_tag&post=122"}],"curies":[{"name":"wp","href":"https:\/\/api.w.org\/{rel}","templated":true}]}}